{"id":19,"date":"2025-03-14T23:10:23","date_gmt":"2025-03-14T23:10:23","guid":{"rendered":"https:\/\/miriamposner.com\/classes\/dh187s25\/?page_id=19"},"modified":"2025-04-17T17:41:54","modified_gmt":"2025-04-17T17:41:54","slug":"w3","status":"publish","type":"page","link":"https:\/\/miriamposner.com\/classes\/dh187s25\/wbw\/w3\/","title":{"rendered":"Week Three"},"content":{"rendered":"\n<p><em><a href=\"#thursday\">Skip to Thursday<\/a><\/em><\/p>\n\n\n\n<h2 class=\"wp-block-heading\">Tuesday<\/h2>\n\n\n\n<h3 class=\"wp-block-heading\">Cybernetic border control<\/h3>\n\n\n\n<div id=\"zotpress-f0d3d0e12cc1c3199dc375d542715c02\" class=\"zp-Zotpress zp-Zotpress-Bib wp-block-group\">\n\n\t\t<span class=\"ZP_API_USER_ID ZP_ATTR\">16369<\/span>\n\t\t<span class=\"ZP_ITEM_KEY ZP_ATTR\"><\/span>\n\t\t<span class=\"ZP_COLLECTION_ID ZP_ATTR\"><\/span>\n\t\t<span class=\"ZP_TAG_ID ZP_ATTR\">DH1873A<\/span>\n\t\t<span class=\"ZP_AUTHOR ZP_ATTR\"><\/span>\n\t\t<span class=\"ZP_YEAR ZP_ATTR\"><\/span>\n        <span class=\"ZP_ITEMTYPE ZP_ATTR\"><\/span>\n\t\t<span class=\"ZP_INCLUSIVE ZP_ATTR\">1<\/span>\n\t\t<span class=\"ZP_STYLE ZP_ATTR\">apa<\/span>\n\t\t<span class=\"ZP_LIMIT ZP_ATTR\">50<\/span>\n\t\t<span class=\"ZP_SORTBY ZP_ATTR\">default<\/span>\n\t\t<span class=\"ZP_ORDER ZP_ATTR\"><\/span>\n\t\t<span class=\"ZP_TITLE ZP_ATTR\"><\/span>\n\t\t<span class=\"ZP_SHOWIMAGE ZP_ATTR\"><\/span>\n\t\t<span class=\"ZP_SHOWTAGS ZP_ATTR\"><\/span>\n\t\t<span class=\"ZP_DOWNLOADABLE ZP_ATTR\"><\/span>\n\t\t<span class=\"ZP_NOTES ZP_ATTR\"><\/span>\n\t\t<span class=\"ZP_ABSTRACT ZP_ATTR\"><\/span>\n\t\t<span class=\"ZP_CITEABLE ZP_ATTR\"><\/span>\n\t\t<span class=\"ZP_TARGET ZP_ATTR\"><\/span>\n\t\t<span class=\"ZP_URLWRAP ZP_ATTR\"><\/span>\n\t\t<span class=\"ZP_FORCENUM ZP_ATTR\"><\/span>\n        <span class=\"ZP_HIGHLIGHT ZP_ATTR\"><\/span>\n        <span class=\"ZP_POSTID ZP_ATTR\">19<\/span>\n\t\t<span class=\"ZOTPRESS_PLUGIN_URL ZP_ATTR\">https:\/\/miriamposner.com\/classes\/dh187s25\/wp-content\/plugins\/zotpress\/<\/span>\n\n\t\t<div class=\"zp-List loading\">\n\t\t\t<div class=\"zp-SEO-Content\">\n\t\t\t\t<span class=\"ZP_JSON ZP_ATTR\">%7B%22status%22%3A%22success%22%2C%22updateneeded%22%3Afalse%2C%22instance%22%3Afalse%2C%22meta%22%3A%7B%22request_last%22%3A0%2C%22request_next%22%3A0%2C%22used_cache%22%3Atrue%7D%2C%22data%22%3A%5B%7B%22key%22%3A%226A3KHIKV%22%2C%22library%22%3A%7B%22id%22%3A16369%7D%2C%22meta%22%3A%7B%22creatorSummary%22%3A%22Chaar-L%5Cu00f3pez%22%2C%22parsedDate%22%3A%222019%22%2C%22numChildren%22%3A1%7D%2C%22bib%22%3A%22%26lt%3Bdiv%20class%3D%26quot%3Bcsl-bib-body%26quot%3B%20style%3D%26quot%3Bline-height%3A%202%3B%20padding-left%3A%201em%3B%20text-indent%3A-1em%3B%26quot%3B%26gt%3B%5Cn%20%20%26lt%3Bdiv%20class%3D%26quot%3Bcsl-entry%26quot%3B%26gt%3BChaar-L%26%23xF3%3Bpez%2C%20I.%20%282019%29.%20Sensing%20Intruders%3A%20Race%20and%20the%20Automation%20of%20Border%20Control.%20%26lt%3Bi%26gt%3BAmerican%20Quarterly%26lt%3B%5C%2Fi%26gt%3B%2C%20%26lt%3Bi%26gt%3B71%26lt%3B%5C%2Fi%26gt%3B%282%29%2C%20495%26%23x2013%3B518.%20%26lt%3Ba%20class%3D%26%23039%3Bzp-ItemURL%26%23039%3B%20href%3D%26%23039%3Bhttps%3A%5C%2F%5C%2Fbruinlearn.ucla.edu%5C%2Fcourses%5C%2F206185%5C%2Fmodules%5C%2Fitems%5C%2F7367634%26%23039%3B%26gt%3Bhttps%3A%5C%2F%5C%2Fbruinlearn.ucla.edu%5C%2Fcourses%5C%2F206185%5C%2Fmodules%5C%2Fitems%5C%2F7367634%26lt%3B%5C%2Fa%26gt%3B%26lt%3B%5C%2Fdiv%26gt%3B%5Cn%26lt%3B%5C%2Fdiv%26gt%3B%22%2C%22data%22%3A%7B%22itemType%22%3A%22journalArticle%22%2C%22title%22%3A%22Sensing%20Intruders%3A%20Race%20and%20the%20Automation%20of%20Border%20Control%22%2C%22creators%22%3A%5B%7B%22creatorType%22%3A%22author%22%2C%22firstName%22%3A%22Iv%5Cu00e1n%22%2C%22lastName%22%3A%22Chaar-L%5Cu00f3pez%22%7D%5D%2C%22abstractNote%22%3A%22Today%5Cu2019s%20US%20cybersecurity%20milieu%20can%20be%20traced%2C%20in%20part%2C%20to%20the%20encounter%20between%20electronic%20technology%20and%20border%20control%20during%20the%201970s.%20Federal%20officials%20argued%20at%20the%20time%20that%2C%20due%20to%20the%20end%20of%20the%20Bracero%20Program%20and%20passage%20of%20the%20Immigration%20and%20Nationality%20Act%20of%201965%2C%20%5Cu201cillegal%20aliens%5Cu201d%20constituted%20a%20%5Cu201csilent%5Cu201d%20and%20%5Cu201cinvisible%20invasion%5Cu201d%20threatening%20the%20US%20nation.%20In%20the%20science%20of%20cybernetics%2C%20officials%20found%20the%20conceptual%20tools%20to%20organize%20border%20enforcement%20operations%20and%20institute%20order%20over%20border%20life.%20Intrusion%20detection%20systems%20installed%20on%20the%20southern%20border%20area%20in%201970%20highlight%20how%20actors%20attempted%20to%20control%20racialized%20populations%20by%20managing%20information%20and%20communication%20processes.%20Cybernetics%20and%20intrusion%20detection%20systems%2C%20this%20article%20argues%2C%20aimed%20to%20draw%20an%20electronic%20%5Cu201cline%20in%20the%20sand.%5Cu201d%20They%20were%20put%20to%20work%20in%20making%20the%20nation%5Cu2019s%20boundaries%20both%20on%20the%20ground%20and%20on%20human%20bodies%3B%20in%20doing%20so%2C%20they%20reproduced%20US%20racial%20sorting%20logics%20while%20recoding%20them%20into%20bits%20of%20data.%20The%20%5Cu201celectronic%20fence%2C%5Cu201d%20as%20the%20system%20was%20known%2C%20was%20part%20and%20parcel%20of%20an%20infrastructure%20of%20technologies%20and%20knowledges%20targeting%20Mexicans.%20Tracing%20discourse%20networks%20in%20government%20publications%20and%20memoranda%2C%20technical%20reports%2C%20and%20newspapers%2C%20the%20essay%20charts%20the%20role%20of%20automation%20in%20US%20nation-making%20and%20in%20the%20management%20of%20racialized%20bodies.%22%2C%22date%22%3A%222019%22%2C%22section%22%3A%22%22%2C%22partNumber%22%3A%22%22%2C%22partTitle%22%3A%22%22%2C%22DOI%22%3A%22%22%2C%22citationKey%22%3A%22%22%2C%22url%22%3A%22https%3A%5C%2F%5C%2Fbruinlearn.ucla.edu%5C%2Fcourses%5C%2F206185%5C%2Fmodules%5C%2Fitems%5C%2F7367634%22%2C%22PMID%22%3A%22%22%2C%22PMCID%22%3A%22%22%2C%22ISSN%22%3A%221080-6490%22%2C%22language%22%3A%22%22%2C%22collections%22%3A%5B%22788MWHLX%22%5D%2C%22dateModified%22%3A%222025-04-03T21%3A11%3A54Z%22%7D%7D%2C%7B%22key%22%3A%22BV8ZXFCN%22%2C%22library%22%3A%7B%22id%22%3A16369%7D%2C%22meta%22%3A%7B%22creatorSummary%22%3A%22Ahmed%20et%20al.%22%2C%22parsedDate%22%3A%222018-06-25%22%2C%22numChildren%22%3A1%7D%2C%22bib%22%3A%22%26lt%3Bdiv%20class%3D%26quot%3Bcsl-bib-body%26quot%3B%20style%3D%26quot%3Bline-height%3A%202%3B%20padding-left%3A%201em%3B%20text-indent%3A-1em%3B%26quot%3B%26gt%3B%5Cn%20%20%26lt%3Bdiv%20class%3D%26quot%3Bcsl-entry%26quot%3B%26gt%3BAhmed%2C%20M.%2C%20%26%23xC1%3Blvarez%2C%20M.%20E.%2C%20Fern%26%23xE1%3Bndez%2C%20S.%20A.%2C%20Gil%2C%20A.%2C%20Martinez%2C%20M.%2C%20S%26%23xE1%3B%20Pereira%2C%20M.%20P.%20de%2C%20Rodriguez%2C%20L.%2C%20%26amp%3B%20Risam%2C%20R.%20%282018%2C%20June%2025%29.%20%26lt%3Bi%26gt%3BTorn%20Apart%20%5C%2F%20Separados%26lt%3B%5C%2Fi%26gt%3B%20%5BText%5D.%20%26lt%3Ba%20class%3D%26%23039%3Bzp-ItemURL%26%23039%3B%20href%3D%26%23039%3Bhttps%3A%5C%2F%5C%2Fxpmethod.columbia.edu%5C%2Ftorn-apart%5C%2Fvolume%5C%2F1%5C%2Ftextures.html%26%23039%3B%26gt%3Bhttps%3A%5C%2F%5C%2Fxpmethod.columbia.edu%5C%2Ftorn-apart%5C%2Fvolume%5C%2F1%5C%2Ftextures.html%26lt%3B%5C%2Fa%26gt%3B%26lt%3B%5C%2Fdiv%26gt%3B%5Cn%26lt%3B%5C%2Fdiv%26gt%3B%22%2C%22data%22%3A%7B%22itemType%22%3A%22webpage%22%2C%22title%22%3A%22Torn%20Apart%20%5C%2F%20Separados%22%2C%22creators%22%3A%5B%7B%22creatorType%22%3A%22author%22%2C%22firstName%22%3A%22Manan%22%2C%22lastName%22%3A%22Ahmed%22%7D%2C%7B%22creatorType%22%3A%22author%22%2C%22firstName%22%3A%22Maira%20E.%22%2C%22lastName%22%3A%22%5Cu00c1lvarez%22%7D%2C%7B%22creatorType%22%3A%22author%22%2C%22firstName%22%3A%22Sylvia%20A.%22%2C%22lastName%22%3A%22Fern%5Cu00e1ndez%22%7D%2C%7B%22creatorType%22%3A%22author%22%2C%22firstName%22%3A%22Alex%22%2C%22lastName%22%3A%22Gil%22%7D%2C%7B%22creatorType%22%3A%22author%22%2C%22firstName%22%3A%22Merisa%22%2C%22lastName%22%3A%22Martinez%22%7D%2C%7B%22creatorType%22%3A%22author%22%2C%22firstName%22%3A%22Moacir%20P.%20de%22%2C%22lastName%22%3A%22S%5Cu00e1%20Pereira%22%7D%2C%7B%22creatorType%22%3A%22author%22%2C%22firstName%22%3A%22Linda%22%2C%22lastName%22%3A%22Rodriguez%22%7D%2C%7B%22creatorType%22%3A%22author%22%2C%22firstName%22%3A%22Roopika%22%2C%22lastName%22%3A%22Risam%22%7D%5D%2C%22abstractNote%22%3A%22Torn%20Apart%20is%20a%20curation%20and%20visualization%20of%20publicly%20available%20data%20concerning%20ICE%2C%20CBP%20facilities%2C%20and%20usages.%20Also%20lists%20of%20allied%20and%20pro-immigrant%20facilities.%22%2C%22date%22%3A%222018-06-25%22%2C%22DOI%22%3A%22%22%2C%22citationKey%22%3A%22%22%2C%22url%22%3A%22https%3A%5C%2F%5C%2Fxpmethod.columbia.edu%5C%2Ftorn-apart%5C%2Fvolume%5C%2F1%5C%2Ftextures.html%22%2C%22language%22%3A%22%22%2C%22collections%22%3A%5B%22788MWHLX%22%5D%2C%22dateModified%22%3A%222025-03-28T16%3A12%3A26Z%22%7D%7D%5D%7D<\/span>\n\n\t\t\t\t<div id=\"zp-ID-19-16369-6A3KHIKV\" data-zp-author-date='Chaar-L\u00f3pez-2019' data-zp-date-author='2019-Chaar-L\u00f3pez' data-zp-date='2019' data-zp-year='2019' data-zp-itemtype='journalArticle' class=\"zp-Entry zpSearchResultsItem\">\n<div class=\"csl-bib-body\" style=\"line-height: 2; padding-left: 1em; text-indent:-1em;\">\n  <div class=\"csl-entry\">Chaar-L\u00f3pez, I. (2019). Sensing Intruders: Race and the Automation of Border Control. <i>American Quarterly<\/i>, <i>71<\/i>(2), 495\u2013518. <a class=&#039;zp-ItemURL&#039; href=&#039;https:\/\/bruinlearn.ucla.edu\/courses\/206185\/modules\/items\/7367634&#039;>https:\/\/bruinlearn.ucla.edu\/courses\/206185\/modules\/items\/7367634<\/a><\/div>\n<\/div>\n\t\t\t\t<\/div><!-- .zp-Entry .zpSearchResultsItem -->\t\t\t\t<div id=\"zp-ID-19-16369-BV8ZXFCN\" data-zp-author-date='Ahmed-et-al.-2018-06-25' data-zp-date-author='2018-06-25-Ahmed-et-al.' data-zp-date='2018-06-25' data-zp-year='2018' data-zp-itemtype='webpage' class=\"zp-Entry zpSearchResultsItem\">\n<div class=\"csl-bib-body\" style=\"line-height: 2; padding-left: 1em; text-indent:-1em;\">\n  <div class=\"csl-entry\">Ahmed, M., \u00c1lvarez, M. E., Fern\u00e1ndez, S. A., Gil, A., Martinez, M., S\u00e1 Pereira, M. P. de, Rodriguez, L., & Risam, R. (2018, June 25). <i>Torn Apart \/ Separados<\/i> [Text]. <a class=&#039;zp-ItemURL&#039; href=&#039;https:\/\/xpmethod.columbia.edu\/torn-apart\/volume\/1\/textures.html&#039;>https:\/\/xpmethod.columbia.edu\/torn-apart\/volume\/1\/textures.html<\/a><\/div>\n<\/div>\n\t\t\t\t<\/div><!-- .zp-Entry .zpSearchResultsItem -->\n\t\t\t<\/div><!-- .zp-zp-SEO-Content -->\n\t\t<\/div><!-- .zp-List -->\n\t<\/div><!--.zp-Zotpress-->\n\n\n\n\n\n<h3 class=\"wp-block-heading\">In-class activities<\/h3>\n\n\n\n<p>Guest speaker: <a href=\"https:\/\/span-port.yale.edu\/people\/alexander-gil-fuentes\">Dr. Alex Gil Fuentes<\/a><\/p>\n\n\n\n<p><a href=\"https:\/\/p5js.org\/tutorials\/get-started\/\">p5 tutorial 1<\/a><\/p>\n\n\n\n<p><a href=\"https:\/\/app.peardeck.com\/student\/tnsycibre\">Check your p5 knowledge<\/a><\/p>\n\n\n\n<p><a href=\"https:\/\/p5js.org\/tutorials\/variables-and-change\/\">p5 tutorial 2<\/a><\/p>\n\n\n\n<h2 class=\"wp-block-heading\" id=\"thursday\">Thursday<\/h2>\n\n\n\n<h3 class=\"wp-block-heading\">Du Bois, Data, and Double-Consciousness (2)<\/h3>\n\n\n\n<p><em>Note on the Klein reading: this chapter has many important interactive components and images, and unfortunately, viewing the chapter with Hypothes.is activated seems to break these components. Could you please alternate reading Hypothes.is comments with <a href=\"https:\/\/dataxdesign.io\/chapters\/dubois\">viewing the un-annotated version?<\/a><\/em><\/p>\n\n\n\n<div id=\"zotpress-69f789511e4199ce12c9cc7ef1e6f14e\" class=\"zp-Zotpress zp-Zotpress-Bib wp-block-group\">\n\n\t\t<span class=\"ZP_API_USER_ID ZP_ATTR\">16369<\/span>\n\t\t<span class=\"ZP_ITEM_KEY ZP_ATTR\"><\/span>\n\t\t<span class=\"ZP_COLLECTION_ID ZP_ATTR\"><\/span>\n\t\t<span class=\"ZP_TAG_ID ZP_ATTR\">DH1873B<\/span>\n\t\t<span class=\"ZP_AUTHOR ZP_ATTR\"><\/span>\n\t\t<span class=\"ZP_YEAR ZP_ATTR\"><\/span>\n        <span class=\"ZP_ITEMTYPE ZP_ATTR\"><\/span>\n\t\t<span class=\"ZP_INCLUSIVE ZP_ATTR\">1<\/span>\n\t\t<span class=\"ZP_STYLE ZP_ATTR\">apa<\/span>\n\t\t<span class=\"ZP_LIMIT ZP_ATTR\">50<\/span>\n\t\t<span class=\"ZP_SORTBY ZP_ATTR\">default<\/span>\n\t\t<span class=\"ZP_ORDER ZP_ATTR\"><\/span>\n\t\t<span class=\"ZP_TITLE ZP_ATTR\"><\/span>\n\t\t<span class=\"ZP_SHOWIMAGE ZP_ATTR\"><\/span>\n\t\t<span class=\"ZP_SHOWTAGS ZP_ATTR\"><\/span>\n\t\t<span class=\"ZP_DOWNLOADABLE ZP_ATTR\"><\/span>\n\t\t<span class=\"ZP_NOTES ZP_ATTR\"><\/span>\n\t\t<span class=\"ZP_ABSTRACT ZP_ATTR\"><\/span>\n\t\t<span class=\"ZP_CITEABLE ZP_ATTR\"><\/span>\n\t\t<span class=\"ZP_TARGET ZP_ATTR\"><\/span>\n\t\t<span class=\"ZP_URLWRAP ZP_ATTR\"><\/span>\n\t\t<span class=\"ZP_FORCENUM ZP_ATTR\"><\/span>\n        <span class=\"ZP_HIGHLIGHT ZP_ATTR\"><\/span>\n        <span class=\"ZP_POSTID ZP_ATTR\">19<\/span>\n\t\t<span class=\"ZOTPRESS_PLUGIN_URL ZP_ATTR\">https:\/\/miriamposner.com\/classes\/dh187s25\/wp-content\/plugins\/zotpress\/<\/span>\n\n\t\t<div class=\"zp-List loading\">\n\t\t\t<div class=\"zp-SEO-Content\">\n\t\t\t\t<span class=\"ZP_JSON ZP_ATTR\">%7B%22status%22%3A%22success%22%2C%22updateneeded%22%3Afalse%2C%22instance%22%3Afalse%2C%22meta%22%3A%7B%22request_last%22%3A0%2C%22request_next%22%3A0%2C%22used_cache%22%3Atrue%7D%2C%22data%22%3A%5B%7B%22key%22%3A%22YMYTP54K%22%2C%22library%22%3A%7B%22id%22%3A16369%7D%2C%22meta%22%3A%7B%22creatorSummary%22%3A%22Klein%22%2C%22parsedDate%22%3A%222024%22%2C%22numChildren%22%3A0%7D%2C%22bib%22%3A%22%26lt%3Bdiv%20class%3D%26quot%3Bcsl-bib-body%26quot%3B%20style%3D%26quot%3Bline-height%3A%202%3B%20padding-left%3A%201em%3B%20text-indent%3A-1em%3B%26quot%3B%26gt%3B%5Cn%20%20%26lt%3Bdiv%20class%3D%26quot%3Bcsl-entry%26quot%3B%26gt%3BKlein%2C%20L.%20%282024%29.%20Every%20Datapoint%20a%20Person.%20In%20%26lt%3Bi%26gt%3BData%20by%20Design%26lt%3B%5C%2Fi%26gt%3B.%20MIT.%20%26lt%3Ba%20class%3D%26%23039%3Bzp-ItemURL%26%23039%3B%20href%3D%26%23039%3Bhttps%3A%5C%2F%5C%2Fdataxdesign.io%5C%2Fchapters%5C%2Fdescription%26%23039%3B%26gt%3Bhttps%3A%5C%2F%5C%2Fdataxdesign.io%5C%2Fchapters%5C%2Fdescription%26lt%3B%5C%2Fa%26gt%3B%26lt%3B%5C%2Fdiv%26gt%3B%5Cn%26lt%3B%5C%2Fdiv%26gt%3B%22%2C%22data%22%3A%7B%22itemType%22%3A%22bookSection%22%2C%22title%22%3A%22Every%20Datapoint%20a%20Person%22%2C%22creators%22%3A%5B%7B%22creatorType%22%3A%22author%22%2C%22firstName%22%3A%22Lauren%22%2C%22lastName%22%3A%22Klein%22%7D%5D%2C%22abstractNote%22%3A%22How%20can%20data%20visualization%20bear%20witness%20to%20oppression%3F%20How%20can%20we%20hold%20space%20for%20what%20cannot%20be%20conveyed%20through%20data%20alone%3F%22%2C%22bookTitle%22%3A%22Data%20by%20Design%22%2C%22date%22%3A%222024%22%2C%22originalDate%22%3A%22%22%2C%22originalPublisher%22%3A%22%22%2C%22originalPlace%22%3A%22%22%2C%22format%22%3A%22%22%2C%22ISBN%22%3A%22%22%2C%22DOI%22%3A%22%22%2C%22citationKey%22%3A%22%22%2C%22url%22%3A%22https%3A%5C%2F%5C%2Fdataxdesign.io%5C%2Fchapters%5C%2Fdescription%22%2C%22ISSN%22%3A%22%22%2C%22language%22%3A%22en%22%2C%22collections%22%3A%5B%22788MWHLX%22%5D%2C%22dateModified%22%3A%222026-03-26T20%3A07%3A32Z%22%7D%7D%2C%7B%22key%22%3A%22J7229YDY%22%2C%22library%22%3A%7B%22id%22%3A16369%7D%2C%22meta%22%3A%7B%22creatorSummary%22%3A%22Klein%22%2C%22parsedDate%22%3A%222024%22%2C%22numChildren%22%3A1%7D%2C%22bib%22%3A%22%26lt%3Bdiv%20class%3D%26quot%3Bcsl-bib-body%26quot%3B%20style%3D%26quot%3Bline-height%3A%202%3B%20padding-left%3A%201em%3B%20text-indent%3A-1em%3B%26quot%3B%26gt%3B%5Cn%20%20%26lt%3Bdiv%20class%3D%26quot%3Bcsl-entry%26quot%3B%26gt%3BKlein%2C%20L.%20%282024%29.%20Between%20Data%20and%20Truth%3A%20W.E.B.%20Du%20Bois%26%23x2019%3Bs%20%26%23x201C%3BData%20Portraits.%26%23x201D%3B%20In%20%26lt%3Bi%26gt%3BData%20by%20Design%26lt%3B%5C%2Fi%26gt%3B.%20MIT.%20%26lt%3Ba%20class%3D%26%23039%3Bzp-ItemURL%26%23039%3B%20href%3D%26%23039%3Bhttps%3A%5C%2F%5C%2Fbruinlearn.ucla.edu%5C%2Fcourses%5C%2F206185%5C%2Fassignments%5C%2F1772528%26%23039%3B%26gt%3Bhttps%3A%5C%2F%5C%2Fbruinlearn.ucla.edu%5C%2Fcourses%5C%2F206185%5C%2Fassignments%5C%2F1772528%26lt%3B%5C%2Fa%26gt%3B%26lt%3B%5C%2Fdiv%26gt%3B%5Cn%26lt%3B%5C%2Fdiv%26gt%3B%22%2C%22data%22%3A%7B%22itemType%22%3A%22bookSection%22%2C%22title%22%3A%22Between%20Data%20and%20Truth%3A%20W.E.B.%20Du%20Bois%27s%20%5Cu201cData%20Portraits%5Cu201d%22%2C%22creators%22%3A%5B%7B%22creatorType%22%3A%22author%22%2C%22firstName%22%3A%22Lauren%22%2C%22lastName%22%3A%22Klein%22%7D%5D%2C%22abstractNote%22%3A%22How%20can%20data%20visualization%20bear%20witness%20to%20oppression%3F%20How%20can%20we%20hold%20space%20for%20what%20cannot%20be%20conveyed%20through%20data%20alone%3F%22%2C%22bookTitle%22%3A%22Data%20by%20Design%22%2C%22date%22%3A%222024%22%2C%22originalDate%22%3A%22%22%2C%22originalPublisher%22%3A%22%22%2C%22originalPlace%22%3A%22%22%2C%22format%22%3A%22%22%2C%22ISBN%22%3A%22%22%2C%22DOI%22%3A%22%22%2C%22citationKey%22%3A%22%22%2C%22url%22%3A%22https%3A%5C%2F%5C%2Fbruinlearn.ucla.edu%5C%2Fcourses%5C%2F206185%5C%2Fassignments%5C%2F1772528%22%2C%22ISSN%22%3A%22%22%2C%22language%22%3A%22en%22%2C%22collections%22%3A%5B%22788MWHLX%22%5D%2C%22dateModified%22%3A%222025-03-29T03%3A25%3A03Z%22%7D%7D%2C%7B%22key%22%3A%2239KBJDNG%22%2C%22library%22%3A%7B%22id%22%3A16369%7D%2C%22meta%22%3A%7B%22numChildren%22%3A1%7D%2C%22bib%22%3A%22%26lt%3Bdiv%20class%3D%26quot%3Bcsl-bib-body%26quot%3B%20style%3D%26quot%3Bline-height%3A%202%3B%20padding-left%3A%201em%3B%20text-indent%3A-1em%3B%26quot%3B%26gt%3B%5Cn%20%20%26lt%3Bdiv%20class%3D%26quot%3Bcsl-entry%26quot%3B%26gt%3B%26lt%3Bi%26gt%3BIda%20B.%20Wells%20Just%20Data%20Lab%26lt%3B%5C%2Fi%26gt%3B.%20%28n.d.%29.%20Ida%20B.%20Wells%20Just%20Data%20Lab.%20Retrieved%20March%2025%2C%202025%2C%20from%20%26lt%3Ba%20class%3D%26%23039%3Bzp-ItemURL%26%23039%3B%20href%3D%26%23039%3Bhttps%3A%5C%2F%5C%2Fwww.thejustdatalab.com%26%23039%3B%26gt%3Bhttps%3A%5C%2F%5C%2Fwww.thejustdatalab.com%26lt%3B%5C%2Fa%26gt%3B%26lt%3B%5C%2Fdiv%26gt%3B%5Cn%26lt%3B%5C%2Fdiv%26gt%3B%22%2C%22data%22%3A%7B%22itemType%22%3A%22webpage%22%2C%22title%22%3A%22Ida%20B.%20Wells%20Just%20Data%20Lab%22%2C%22creators%22%3A%5B%5D%2C%22abstractNote%22%3A%22%22%2C%22date%22%3A%22%22%2C%22DOI%22%3A%22%22%2C%22citationKey%22%3A%22%22%2C%22url%22%3A%22https%3A%5C%2F%5C%2Fwww.thejustdatalab.com%22%2C%22language%22%3A%22en-US%22%2C%22collections%22%3A%5B%22788MWHLX%22%5D%2C%22dateModified%22%3A%222025-03-28T19%3A22%3A29Z%22%7D%7D%5D%7D<\/span>\n\n\t\t\t\t<div id=\"zp-ID-19-16369-YMYTP54K\" data-zp-author-date='Klein-2024' data-zp-date-author='2024-Klein' data-zp-date='2024' data-zp-year='2024' data-zp-itemtype='bookSection' class=\"zp-Entry zpSearchResultsItem\">\n<div class=\"csl-bib-body\" style=\"line-height: 2; padding-left: 1em; text-indent:-1em;\">\n  <div class=\"csl-entry\">Klein, L. (2024). Every Datapoint a Person. In <i>Data by Design<\/i>. MIT. <a class=&#039;zp-ItemURL&#039; href=&#039;https:\/\/dataxdesign.io\/chapters\/description&#039;>https:\/\/dataxdesign.io\/chapters\/description<\/a><\/div>\n<\/div>\n\t\t\t\t<\/div><!-- .zp-Entry .zpSearchResultsItem -->\t\t\t\t<div id=\"zp-ID-19-16369-J7229YDY\" data-zp-author-date='Klein-2024' data-zp-date-author='2024-Klein' data-zp-date='2024' data-zp-year='2024' data-zp-itemtype='bookSection' class=\"zp-Entry zpSearchResultsItem\">\n<div class=\"csl-bib-body\" style=\"line-height: 2; padding-left: 1em; text-indent:-1em;\">\n  <div class=\"csl-entry\">Klein, L. (2024). Between Data and Truth: W.E.B. Du Bois\u2019s \u201cData Portraits.\u201d In <i>Data by Design<\/i>. MIT. <a class=&#039;zp-ItemURL&#039; href=&#039;https:\/\/bruinlearn.ucla.edu\/courses\/206185\/assignments\/1772528&#039;>https:\/\/bruinlearn.ucla.edu\/courses\/206185\/assignments\/1772528<\/a><\/div>\n<\/div>\n\t\t\t\t<\/div><!-- .zp-Entry .zpSearchResultsItem -->\t\t\t\t<div id=\"zp-ID-19-16369-39KBJDNG\" data-zp-author-date='-0000-00-00' data-zp-date-author='0000-00-00-' data-zp-date='0000-00-00' data-zp-year='0000' data-zp-itemtype='webpage' class=\"zp-Entry zpSearchResultsItem\">\n<div class=\"csl-bib-body\" style=\"line-height: 2; padding-left: 1em; text-indent:-1em;\">\n  <div class=\"csl-entry\"><i>Ida B. Wells Just Data Lab<\/i>. (n.d.). Ida B. Wells Just Data Lab. Retrieved March 25, 2025, from <a class=&#039;zp-ItemURL&#039; href=&#039;https:\/\/www.thejustdatalab.com&#039;>https:\/\/www.thejustdatalab.com<\/a><\/div>\n<\/div>\n\t\t\t\t<\/div><!-- .zp-Entry .zpSearchResultsItem -->\n\t\t\t<\/div><!-- .zp-zp-SEO-Content -->\n\t\t<\/div><!-- .zp-List -->\n\t<\/div><!--.zp-Zotpress-->\n\n\n\n\n\n<h3 class=\"wp-block-heading\">In-class activities<\/h3>\n\n\n\n<p><a href=\"https:\/\/app.peardeck.com\/student\/ttgtzfujq\">Today&#8217;s slides: Data and Du Bois<\/a><\/p>\n\n\n\n<p><a href=\"https:\/\/p5js.org\/tutorials\/variables-and-change\/\">p5 tutorial 2<\/a><\/p>\n\n\n\n<p><a href=\"https:\/\/app.peardeck.com\/student\/txfcdtwiy\">Check your p5 knowledge #2<\/a><\/p>\n\n\n\n<p><a href=\"https:\/\/p5js.org\/tutorials\/conditionals-and-interactivity\/\">p5 tutorial 3<\/a><\/p>\n","protected":false},"excerpt":{"rendered":"<p>Skip to Thursday Tuesday Cybernetic border control In-class activities Guest speaker: Dr. Alex Gil Fuentes p5 tutorial 1 Check your p5 knowledge p5 tutorial 2 Thursday Du Bois, Data, and&hellip; <a class=\"more-link\" href=\"https:\/\/miriamposner.com\/classes\/dh187s25\/wbw\/w3\/\">Continue reading <span class=\"screen-reader-text\">Week Three<\/span><\/a><\/p>\n","protected":false},"author":1,"featured_media":0,"parent":12,"menu_order":2,"comment_status":"closed","ping_status":"closed","template":"","meta":{"_eb_attr":"","footnotes":""},"class_list":["post-19","page","type-page","status-publish","hentry","entry"],"_links":{"self":[{"href":"https:\/\/miriamposner.com\/classes\/dh187s25\/wp-json\/wp\/v2\/pages\/19","targetHints":{"allow":["GET"]}}],"collection":[{"href":"https:\/\/miriamposner.com\/classes\/dh187s25\/wp-json\/wp\/v2\/pages"}],"about":[{"href":"https:\/\/miriamposner.com\/classes\/dh187s25\/wp-json\/wp\/v2\/types\/page"}],"author":[{"embeddable":true,"href":"https:\/\/miriamposner.com\/classes\/dh187s25\/wp-json\/wp\/v2\/users\/1"}],"replies":[{"embeddable":true,"href":"https:\/\/miriamposner.com\/classes\/dh187s25\/wp-json\/wp\/v2\/comments?post=19"}],"version-history":[{"count":11,"href":"https:\/\/miriamposner.com\/classes\/dh187s25\/wp-json\/wp\/v2\/pages\/19\/revisions"}],"predecessor-version":[{"id":362,"href":"https:\/\/miriamposner.com\/classes\/dh187s25\/wp-json\/wp\/v2\/pages\/19\/revisions\/362"}],"up":[{"embeddable":true,"href":"https:\/\/miriamposner.com\/classes\/dh187s25\/wp-json\/wp\/v2\/pages\/12"}],"wp:attachment":[{"href":"https:\/\/miriamposner.com\/classes\/dh187s25\/wp-json\/wp\/v2\/media?parent=19"}],"curies":[{"name":"wp","href":"https:\/\/api.w.org\/{rel}","templated":true}]}}