{"id":128,"date":"2025-03-28T18:58:50","date_gmt":"2025-03-28T18:58:50","guid":{"rendered":"https:\/\/miriamposner.com\/classes\/dh187s25\/?page_id=128"},"modified":"2025-03-31T20:01:03","modified_gmt":"2025-03-31T20:01:03","slug":"everything-were-reading","status":"publish","type":"page","link":"https:\/\/miriamposner.com\/classes\/dh187s25\/resources\/everything-were-reading\/","title":{"rendered":"Everything we&#8217;re reading"},"content":{"rendered":"\n<p>Ahmed, Manan, Maira E. \u00c1lvarez, Sylvia A. Fern\u00e1ndez, Alex Gil, Merisa Martinez, Moacir P. de S\u00e1 Pereira, Linda Rodriguez, and Roopika Risam. \u201cTorn Apart \/ Separados.\u201d Text, June 25, 2018. <a href=\"https:\/\/xpmethod.columbia.edu\/torn-apart\/volume\/1\/textures.html\">https:\/\/xpmethod.columbia.edu\/torn-apart\/volume\/1\/textures.html<\/a>.<\/p>\n\n\n\n<p>Anti-Eviction Mapping Project. \u201cAnti-Eviction Mapping Project.\u201d Anti-Eviction Mapping Project. Accessed March 25, 2025. <a href=\"https:\/\/antievictionmap.com\">https:\/\/antievictionmap.com<\/a>.<\/p>\n\n\n\n<p>\u201cAutomating Eligibility in the Heartland.\u201d In <em>Automating Inequality: How High-Tech Tools Profile, Police, and Punish the Poor<\/em>, First Picador edition. New York: Picador, St. Martin\u2019s Press, 2019. <a href=\"https:\/\/bruinlearn.ucla.edu\/courses\/206185\/assignments\/1772591\">https:\/\/bruinlearn.ucla.edu\/courses\/206185\/assignments\/1772591<\/a>.<\/p>\n\n\n\n<p>Battle-Baptiste, Whitney, and Britt Rusert. <em>W.E.B Du Bois\u2019s Data Portraits: Visualizing Black America<\/em>. Hudson, NY: Princeton Architectural Press, 2018.<\/p>\n\n\n\n<p>Bruno, Sarah, and Jessica Marie Johnson. \u201c\u2018Que Recogan Este Memoria\u2019: Black Puerto Rican Data.\u201d <em>New Literary History<\/em> 54, no. 1 (2022): 583\u2013611.<\/p>\n\n\n\n<p>Chaar-L\u00f3pez, Iv\u00e1n. \u201cSensing Intruders: Race and the Automation of Border Control.\u201d <em>American Quarterly<\/em> 71, no. 2 (2019): 495\u2013518.<\/p>\n\n\n\n<p>Du Bois, W. E. B. \u201cOf Our Spiritual Strivings.\u201d In <em>The Souls of Black Folk<\/em>. Chicago: A. C. McClurg and Co., 1903. <a href=\"https:\/\/www.gutenberg.org\/files\/408\/408-h\/408-h.htm#chap01\">https:\/\/www.gutenberg.org\/files\/408\/408-h\/408-h.htm#chap01<\/a>.<\/p>\n\n\n\n<p>Graziani, Terra, and Mary Shi. \u201cData for Justice: Tensions and Lessons from the Anti-Eviction Mapping Project\u2019s Work between Academia and Activism.\u201d <em>ACME: An International Journal for Critical Geographies<\/em> 19, no. 1 (2020). <a href=\"https:\/\/bruinlearn.ucla.edu\/courses\/206185\/assignments\/1772541\">https:\/\/bruinlearn.ucla.edu\/courses\/206185\/assignments\/1772541<\/a>.<\/p>\n\n\n\n<p>Ida B. Wells Just Data Lab. \u201cIda B. Wells Just Data Lab.\u201d Accessed March 25, 2025. <a href=\"https:\/\/www.thejustdatalab.com\">https:\/\/www.thejustdatalab.com<\/a>.<\/p>\n\n\n\n<p>Ida B Wells-Barnett. <em>Red Record: Tabulated Statistics and Alleged Causes of Lynching in the United States<\/em>. Charles River Editors, 2018.<\/p>\n\n\n\n<p>\u201cIntroduction: Data and the Matter of Black Living.\u201d In <em>The Matter of Black Living: The Aesthetic Experiment of Racial Data, 1880-1930<\/em>. Chicago: University Of Chicago Press, 2022. <a href=\"https:\/\/bruinlearn.ucla.edu\/courses\/206185\/assignments\/1772524\">https:\/\/bruinlearn.ucla.edu\/courses\/206185\/assignments\/1772524<\/a>.<\/p>\n\n\n\n<p>Klein, Lauren. \u201cBetween Data and Truth: W.E.B. Du Bois\u2019s \u2018Data Portraits.\u2019\u201d In <em>Data by Design<\/em>. MIT, 2024. <a href=\"https:\/\/bruinlearn.ucla.edu\/courses\/206185\/assignments\/1772528\">https:\/\/bruinlearn.ucla.edu\/courses\/206185\/assignments\/1772528<\/a>.<\/p>\n\n\n\n<p>Klein, Lauren, and Catherine D\u2019Ignazio. <em>Data Feminism<\/em>. Cambridge&nbsp; Mass.: MIT Press, 2018. <a href=\"https:\/\/bookbook.pubpub.org\/data-feminism\">https:\/\/bookbook.pubpub.org\/data-feminism<\/a>.<\/p>\n\n\n\n<p>Kukutai, Tahu. <em>Indigenous Data Sovereignty: Toward an Agenda<\/em>, n.d.<\/p>\n\n\n\n<p>\u201cMeasuring Violence Against Women.\u201d In <em>The Seductions of Quantification: Measuring Human Rights, Gender Violence, and Sex Trafficking<\/em>, 44\u201374. Chicago Series in Law and Society. Chicago: The University of Chicago Press, 2016. <a href=\"https:\/\/bruinlearn.ucla.edu\/courses\/206185\/assignments\/1772615\">https:\/\/bruinlearn.ucla.edu\/courses\/206185\/assignments\/1772615<\/a>.<\/p>\n\n\n\n<p>Melissa Villa-Nicholas. <em>Data Borders: How Silicon Valley Is Building an Industry around Immigrants<\/em>. 1st ed. Berkeley: University of California Press, 2023.<\/p>\n\n\n\n<p>Nguyen, C. Thi. \u201cThe Limits of Data.\u201d <em>Issues in Science and Technology<\/em> (blog), March 4, 2024. <a href=\"https:\/\/bruinlearn.ucla.edu\/courses\/206185\/assignments\/1772520\">https:\/\/bruinlearn.ucla.edu\/courses\/206185\/assignments\/1772520<\/a>.<\/p>\n\n\n\n<p>\u201cPlatform Capitalism.\u201d In <em>Platform Capitalism<\/em>, Electronic edition. Theory Redux. Cambridge, UK: Polity, 2017. <a href=\"https:\/\/bruinlearn.ucla.edu\/courses\/206185\/assignments\/1772588\">https:\/\/bruinlearn.ucla.edu\/courses\/206185\/assignments\/1772588<\/a>.<\/p>\n\n\n\n<p>Stop LAPD Spying. \u201cLAPD Architecture of Surveillance.\u201d Accessed March 27, 2025. <a href=\"https:\/\/architectureofsurveillance.notion.site\/LAPD-Architecture-of-Surveillance-106f82e2b6568044829ed53806491be1\">https:\/\/architectureofsurveillance.notion.site\/LAPD-Architecture-of-Surveillance-106f82e2b6568044829ed53806491be1<\/a>.<\/p>\n\n\n\n<p>Stop LAPD Spying Coalition. \u201cBefore the Bullet Hits the Body.\u201d Los Angeles, Calif.: Stop LAPD Spying, May 8, 2018. <a href=\"https:\/\/bruinlearn.ucla.edu\/courses\/206185\/assignments\/1772625\">https:\/\/bruinlearn.ucla.edu\/courses\/206185\/assignments\/1772625<\/a>.<\/p>\n\n\n\n<p>\u201cThe Data of the Most Vulnerable People Is the Least Protected | Human Rights Watch,\u201d July 11, 2023. <a href=\"https:\/\/www.hrw.org\/news\/2023\/07\/11\/data-most-vulnerable-people-least-protected\">https:\/\/www.hrw.org\/news\/2023\/07\/11\/data-most-vulnerable-people-least-protected<\/a>.<\/p>\n\n\n\n<p>Villa-Nicholas, Melissa. \u201cLatinx Data Bodies.\u201d In <em>Data Borders: How Silicon Valley Is Building an Industry around Immigrants<\/em>, 42\u201372. University of California Press, 2023. <a href=\"https:\/\/bruinlearn.ucla.edu\/courses\/206185\/assignments\/1772565\">https:\/\/bruinlearn.ucla.edu\/courses\/206185\/assignments\/1772565<\/a>.<\/p>\n\n\n\n<p>Weitzberg, Keren, Margie Cheesman, Aaron Martin, and Emrys Schoemaker. \u201cBetween Surveillance and Recognition: Rethinking Digital Identity in Aid.\u201d <em>Big Data &amp; Society<\/em> 8, no. 1 (January 1, 2021): 20539517211006744.<\/p>\n\n\n\n<p><em>Wired<\/em>. \u201cInside the Suspicion Machine.\u201d Accessed March 6, 2023. <a href=\"https:\/\/www.wired.com\/story\/welfare-state-algorithms\/\">https:\/\/www.wired.com\/story\/welfare-state-algorithms\/<\/a>.<\/p>\n","protected":false},"excerpt":{"rendered":"<p>Ahmed, Manan, Maira E. \u00c1lvarez, Sylvia A. Fern\u00e1ndez, Alex Gil, Merisa Martinez, Moacir P. de S\u00e1 Pereira, Linda Rodriguez, and Roopika Risam. \u201cTorn Apart \/ Separados.\u201d Text, June 25, 2018.&hellip; <a class=\"more-link\" href=\"https:\/\/miriamposner.com\/classes\/dh187s25\/resources\/everything-were-reading\/\">Continue reading <span class=\"screen-reader-text\">Everything we&#8217;re reading<\/span><\/a><\/p>\n","protected":false},"author":1,"featured_media":0,"parent":38,"menu_order":0,"comment_status":"closed","ping_status":"closed","template":"","meta":{"_eb_attr":"","footnotes":""},"class_list":["post-128","page","type-page","status-publish","hentry","entry"],"_links":{"self":[{"href":"https:\/\/miriamposner.com\/classes\/dh187s25\/wp-json\/wp\/v2\/pages\/128","targetHints":{"allow":["GET"]}}],"collection":[{"href":"https:\/\/miriamposner.com\/classes\/dh187s25\/wp-json\/wp\/v2\/pages"}],"about":[{"href":"https:\/\/miriamposner.com\/classes\/dh187s25\/wp-json\/wp\/v2\/types\/page"}],"author":[{"embeddable":true,"href":"https:\/\/miriamposner.com\/classes\/dh187s25\/wp-json\/wp\/v2\/users\/1"}],"replies":[{"embeddable":true,"href":"https:\/\/miriamposner.com\/classes\/dh187s25\/wp-json\/wp\/v2\/comments?post=128"}],"version-history":[{"count":2,"href":"https:\/\/miriamposner.com\/classes\/dh187s25\/wp-json\/wp\/v2\/pages\/128\/revisions"}],"predecessor-version":[{"id":219,"href":"https:\/\/miriamposner.com\/classes\/dh187s25\/wp-json\/wp\/v2\/pages\/128\/revisions\/219"}],"up":[{"embeddable":true,"href":"https:\/\/miriamposner.com\/classes\/dh187s25\/wp-json\/wp\/v2\/pages\/38"}],"wp:attachment":[{"href":"https:\/\/miriamposner.com\/classes\/dh187s25\/wp-json\/wp\/v2\/media?parent=128"}],"curies":[{"name":"wp","href":"https:\/\/api.w.org\/{rel}","templated":true}]}}